{"id":77,"date":"2018-04-25T17:27:36","date_gmt":"2018-04-25T15:27:36","guid":{"rendered":"http:\/\/www.shala-sonnenschutz.at\/?page_id=77"},"modified":"2024-09-02T16:57:32","modified_gmt":"2024-09-02T14:57:32","slug":"sommer-sonne-sonnenschutz","status":"publish","type":"page","link":"https:\/\/www.shala-sonnenschutz.at\/","title":{"rendered":"Shala Sonnenschutz"},"content":{"rendered":"<div  class=\"features-coloured-icon-boxes-section\" id=\"overlapable-2\" style=\"background-color: #ffffff;\" data-label=\"Overlapable\" data-id=\"stripped-coloured-icon-boxes\" data-category=\"overlapable\" data-overlap=\"true\">\n<div  class=\"gridContainer\">\n<div  class=\"features-coloured-icon-boxes-innerrow flexbox-list dark-text\" data-type=\"row\">\n<div  class=\"features-coloured-icon-boxes-featurecol cp3cols\">\n<div  class=\"features-coloured-icon-boxes-iconcontainer\" data-content-item-container=\"true\"><i  class=\"features-coloured-icon fa fa-map-pin\" data-cp-fa=\"true\"><\/i><\/div>\n<h4  class=\"\">Gratis Kostenvoranschlag<\/h4>\n<p  class=\"\">Holen Sie sich ganz einfach und bequem, einen Kostenvoranschlag! Es gen\u00fcgt ein Anruf oder das Ausf\u00fcllen unseres Formulars.<\/p>\n\n<\/div>\n<div  class=\"features-coloured-icon-boxes-featurecol cp3cols\">\n<div  class=\"features-coloured-icon-boxes-iconcontainer\" data-content-item-container=\"true\"><i  class=\"features-coloured-icon fa fa-dashboard\" data-cp-fa=\"true\"><\/i><\/div>\n<h4  class=\"\">Schnelle Montage<\/h4>\n<p  class=\"\">Sie wissen was Sie wollen und der Preis passt. Lehnen Sie sich nun zur\u00fcck in innerhalb 6 Wochen ist unser Team mit der Montage fertig.<\/p>\n\n<\/div>\n<div  class=\"features-coloured-icon-boxes-featurecol cp3cols\">\n<div  class=\"features-coloured-icon-boxes-iconcontainer\" data-content-item-container=\"true\"><i  class=\"features-coloured-icon fa fa-signal\" data-cp-fa=\"true\"><\/i><\/div>\n<h4  class=\"\">Hohe Qualit\u00e4t<\/h4>\n<p  class=\"\">Wir benutzen nur beste Materialien aus dem Europ\u00e4ischen Raum.<\/p>\n\n<\/div>\n<div  class=\"features-coloured-icon-boxes-featurecol cp3cols\">\n<div  class=\"features-coloured-icon-boxes-iconcontainer\" data-content-item-container=\"true\"><i  class=\"features-coloured-icon fa fa-envelope\" data-cp-fa=\"true\"><\/i><\/div>\n<h4  class=\"\">Einfache Kontaktaufnahme<\/h4>\n<p  class=\"\">Neugierig? Schreib uns jetzt mit hilfe unseres Formulars oder rufen Sie uns unter<\/p>\n+43&nbsp; 0660 387 79 88 an.\n\n<\/div>\n<\/div>\n<\/div>\n<\/div><div  class=\"cta-blue-section\" id=\"cta-1\" data-label=\"Call to action\" data-id=\"cta-blue-section\" data-category=\"cta\">\n<div  class=\"gridContainer\">\n<div  class=\"flexbox-list flexbox-list-align-center row\">\n<div  class=\"cta-blue-textcol dynamic-color\">\n<h2  class=\"cta-blue-text\">&nbsp;<b  class=\"element2\"> Besuchen Sie uns auf Facebook!<\/b><\/h2>\n<\/div>\n<div  class=\"cta-blue-btncol\"><a  class=\"button big yellow dark-text\" href=\"https:\/\/www.facebook.com\/Shala-Sonnenschutz-1658679914250851\" target=\"_blank\" rel=\"noopener\"> Facebook <\/a><\/div>\n<\/div>\n<\/div>\n<\/div><div  data-label=\"Produkte\" data-id=\"features-small-icon-cards-section\" data-category=\"features\" class=\"features-small-icon-cards-section\" id=\"produkte\" style=\"background-color: rgb(255, 255, 255);\"> <div  class=\"gridContainer\"> <div  class=\"features-small-icon-cards-textrow\"> <div  class=\"features-small-icon-cards-textcol dynamic-color\" data-type=\"column\"> <h2  class=\"\">Unsere Produkte<\/h2> <p  class=\"\">Wir bieten Ihnen eine gro\u00dfe Reihe an Produkten. Unsere Produkte sind alle aus \u00d6sterreich und der EU, zur Anwendung kommt ausschlie\u00dflich hochwertiges Material. Wenn Sie Interesse oder eine Frage haben, kontaktieren Sie uns unter: 0676 40 35 733<\/p> <\/div> <\/div> <div  class=\"features-small-icon-cards-featuresrow dark-text\" data-type=\"row\"> <div  class=\"features-small-icon-cards-featcol cp4cols\"> <div  class=\"features-small-icon-cards-featinnerrow\"> <div  class=\"features-small-icon-cards-iconcol\"> <i  data-cp-fa=\"true\" class=\"font-icon-23 fa fa-check-circle\"><\/i> <\/div> <div  class=\"features-small-icon-cards-feattextcol\" data-type=\"column\"> <h4  class=\"\">Jalousinen<\/h4> <p  class=\"\">Typisch f\u00fcr Jalousinen, sie sind wendbaren haben einen flexiblen Lamellenbehang, der der Sonne nachgef\u00fchrt werden kann.&nbsp;<\/p> <\/div> <\/div> <\/div> <div  class=\"features-small-icon-cards-featcol cp4cols\"> <div  class=\"features-small-icon-cards-featinnerrow\"> <div  class=\"features-small-icon-cards-iconcol\"> <i  data-cp-fa=\"true\" class=\"font-icon-23 fa fa-check-circle\"><\/i> <\/div> <div  class=\"features-small-icon-cards-feattextcol\" data-type=\"column\"> <h4  class=\"\">Rolll\u00e4den<\/h4> <p  class=\"\">Die am h\u00e4ufigsten verwendete Sonnenschutzvariante f\u00fcr Fenster und T\u00fcren. Sie sch\u00fctzen im Sommer vor der Hitze und sparen Energie.<\/p> <\/div> <\/div> <\/div> <div  class=\"features-small-icon-cards-featcol cp4cols\"> <div  class=\"features-small-icon-cards-featinnerrow\"> <div  class=\"features-small-icon-cards-iconcol\"> <i  data-cp-fa=\"true\" class=\"font-icon-23 fa fa-check-circle\"><\/i> <\/div> <div  class=\"features-small-icon-cards-feattextcol\" data-type=\"column\"> <h4  class=\"\">Markisen<\/h4> <p  class=\"\">Markisen pr\u00e4gen das Bild auf Terrassen\/Balkone und sorgen f\u00fcr angenehmen Schatten und einer einzigartigen Atmosph\u00e4re.<\/p> <\/div> <\/div> <\/div> <div  class=\"features-small-icon-cards-featcol cp4cols\"> <div  class=\"features-small-icon-cards-featinnerrow\"> <div  class=\"features-small-icon-cards-iconcol\"> <i  data-cp-fa=\"true\" class=\"font-icon-23 fa fa-check-circle\"><\/i> <\/div> <div  class=\"features-small-icon-cards-feattextcol\" data-type=\"column\"> <h4  class=\"\">Insektenschutz<\/h4> <p  class=\"\">Sie sch\u00fctzen vor Insekten und lassen frische Luft rein. Wir montieren sie an Fenstern und T\u00fcren nach Ma\u00df. Aus mit Gelsen, M\u00fccken usw. .<\/p> <\/div> <\/div> <\/div> <div  class=\"features-small-icon-cards-featcol cp4cols\"> <div  class=\"features-small-icon-cards-featinnerrow\"> <div  class=\"features-small-icon-cards-iconcol\"> <i  data-cp-fa=\"true\" class=\"font-icon-23 fa fa-check-circle\"><\/i> <\/div> <div  class=\"features-small-icon-cards-feattextcol\" data-type=\"column\"> <h4  class=\"\">Glasd\u00e4cher<\/h4> <p  class=\"\">Wir planen Ihre Terrassend\u00e4cher individuell und benutzen dabei nur bestes Material aus der EU. Unser Montageteam arbeitet nach Ma\u00df.<\/p> <\/div> <\/div> <\/div> <div  class=\"features-small-icon-cards-featcol cp4cols\"> <div  class=\"features-small-icon-cards-featinnerrow\"> <div  class=\"features-small-icon-cards-iconcol\"> <i  data-cp-fa=\"true\" class=\"font-icon-23 fa fa-check-circle\"><\/i> <\/div> <div  class=\"features-small-icon-cards-feattextcol\" data-type=\"column\"> <h4  class=\"\">Rolltore<\/h4> <p  class=\"\">Sie suchen ein Rolltor f\u00fcr zuhause oder Ihr Unternehmen? Wir helfen Ihnen bei kleinen und gro\u00dfen Vorhaben.&nbsp;<\/p> <\/div> <\/div> <\/div> <div  class=\"features-small-icon-cards-featcol cp4cols\"> <div  class=\"features-small-icon-cards-featinnerrow\"> <div  class=\"features-small-icon-cards-iconcol\"> <i  data-cp-fa=\"true\" class=\"font-icon-23 fa fa-check-circle\"><\/i> <\/div> <div  class=\"features-small-icon-cards-feattextcol\" data-type=\"column\"> <h4  class=\"\">Raffstores<\/h4> <p  class=\"\">Raffstoren als Sonnenschutzvariante vor dem Fenster und der Fassade ist das neue Erscheinungsbild moderner Geb\u00e4ude.<\/p> <\/div> <\/div> <\/div><div  class=\"features-small-icon-cards-featcol cp4cols\"> <div  class=\"features-small-icon-cards-featinnerrow\"> <div  class=\"features-small-icon-cards-iconcol\"> <i  data-cp-fa=\"true\" class=\"font-icon-23 fa fa-check-circle\"><\/i> <\/div> <div  class=\"features-small-icon-cards-feattextcol\" data-type=\"column\"> <h4  class=\"\">Plissee<\/h4> <p  class=\"\">Runde, dreieckige, halbrunde,  trapezf\u00f6rmige, rechteckige Fenster, Schr\u00e4gfenster \u2013 k\u00f6nnen mit dem Plissee beschattet werden.<\/p> <\/div> <\/div> <\/div><div  class=\"features-small-icon-cards-featcol cp4cols\"> <div  class=\"features-small-icon-cards-featinnerrow\"> <div  class=\"features-small-icon-cards-iconcol\"> <i  data-cp-fa=\"true\" class=\"font-icon-23 fa fa-check-circle\"><\/i> <\/div> <div  class=\"features-small-icon-cards-feattextcol\" data-type=\"column\"> <h4  class=\"\">Rollo<\/h4> <p  class=\"\">Rollos werden ma\u00dfgenau auf Ihre Fenster angepasst. Sie sind leicht zu bedienen. Die Montageart k\u00f6nnen Sie sich aussuchen!<\/p> <\/div> <\/div> <\/div><\/div> <\/div><\/div><div  class=\"contact-section-formsection white-text\" id=\"kostenvoranschlag\" data-label=\"Kostenvoranschlag\" data-id=\"contact-section\" data-category=\"contact\" data-bg=\"transparent\">\n<div  class=\"gridContainer\">\n<div  class=\"row_224\">\n<div  class=\"contact-textrow\">\n<div  class=\"contact-textcol dynamic-color\">\n<h2 >Kontaktieren Sie uns!<\/h2>\n<p  class=\"white_text\">Lassen Sie sich noch heute beraten!<\/p>\n\n<\/div>\n<\/div>\n<\/div>\n<div  class=\"contact-formcol\" data-editable=\"true\" data-content-shortcode=\"one_page_express_contact_form shortcode=&quot;contact-form-7 id=&amp;amp;quot;73&amp;amp;quot; title=&amp;amp;quot;Kontaktformular 1&amp;amp;quot;&quot;\">\n<div class=\"wpcf7 no-js\" id=\"wpcf7-f73-o1\" lang=\"de-DE\" dir=\"ltr\" data-wpcf7-id=\"73\">\n<div class=\"screen-reader-response\"><p role=\"status\" aria-live=\"polite\" aria-atomic=\"true\"><\/p> <ul><\/ul><\/div>\n<form action=\"\/index.php?rest_route=%2Fwp%2Fv2%2Fpages%2F77#wpcf7-f73-o1\" method=\"post\" class=\"wpcf7-form init\" aria-label=\"Kontaktformular\" novalidate=\"novalidate\" data-status=\"init\">\n<div style=\"display: none;\">\n<input type=\"hidden\" name=\"_wpcf7\" value=\"73\" \/>\n<input type=\"hidden\" name=\"_wpcf7_version\" value=\"6.0.3\" \/>\n<input type=\"hidden\" name=\"_wpcf7_locale\" value=\"de_DE\" \/>\n<input type=\"hidden\" name=\"_wpcf7_unit_tag\" value=\"wpcf7-f73-o1\" \/>\n<input type=\"hidden\" name=\"_wpcf7_container_post\" value=\"0\" \/>\n<input type=\"hidden\" name=\"_wpcf7_posted_data_hash\" value=\"\" \/>\n<\/div>\n<p><label> Dein Name (Pflichtfeld)<br \/>\n<span class=\"wpcf7-form-control-wrap\" data-name=\"your-name\"><input size=\"40\" maxlength=\"400\" class=\"wpcf7-form-control wpcf7-text wpcf7-validates-as-required\" aria-required=\"true\" aria-invalid=\"false\" value=\"\" type=\"text\" name=\"your-name\" \/><\/span> <\/label>\n<\/p>\n<p><label> Deine Telefonnummer (Pflichtfeld)<br \/>\n<span class=\"wpcf7-form-control-wrap\" data-name=\"DeineTelefonnummer\"><input size=\"40\" maxlength=\"400\" class=\"wpcf7-form-control wpcf7-tel wpcf7-validates-as-required wpcf7-text wpcf7-validates-as-tel\" aria-required=\"true\" aria-invalid=\"false\" value=\"\" type=\"tel\" name=\"DeineTelefonnummer\" \/><\/span> <\/label>\n<\/p>\n<p><label> Deine E-Mail-Adresse (Pflichtfeld)<br \/>\n<span class=\"wpcf7-form-control-wrap\" data-name=\"your-email\"><input size=\"40\" maxlength=\"400\" class=\"wpcf7-form-control wpcf7-email wpcf7-validates-as-required wpcf7-text wpcf7-validates-as-email\" aria-required=\"true\" aria-invalid=\"false\" value=\"\" type=\"email\" name=\"your-email\" \/><\/span> <\/label>\n<\/p>\n<p><label> Betreff<br \/>\n<span class=\"wpcf7-form-control-wrap\" data-name=\"your-subject\"><input size=\"40\" maxlength=\"400\" class=\"wpcf7-form-control wpcf7-text\" aria-invalid=\"false\" value=\"\" type=\"text\" name=\"your-subject\" \/><\/span> <\/label>\n<\/p>\n<p><label> Deine Nachricht<br \/>\n<span class=\"wpcf7-form-control-wrap\" data-name=\"your-message\"><textarea cols=\"40\" rows=\"10\" maxlength=\"2000\" class=\"wpcf7-form-control wpcf7-textarea\" aria-invalid=\"false\" name=\"your-message\"><\/textarea><\/span> <\/label>\n<\/p>\n<p><input class=\"wpcf7-form-control wpcf7-submit has-spinner\" type=\"submit\" value=\"Senden\" \/>\n<\/p><div class=\"wpcf7-response-output\" aria-hidden=\"true\"><\/div>\n<\/form>\n<\/div>\n<\/div>\n<\/div>\n<\/div><div  data-label=\"Uber uns\" data-id=\"content-image-right\" data-category=\"content\" class=\"content-right-image-section content-image-right\" id=\"uber-uns\" style=\"background-color: #f6f6f6;\">\n<div  class=\"gridContainer\">\n<div  class=\"content-right-image-gridcol\">\n<div  class=\"content-right-image-textcol dynamic-color\" data-type=\"column\">\n<h3  style=\"text-align: center;\" class=\"\">Shala Sonnenschutz \u00d6sterreichisches Unternehmen f\u00fcr Sonnenschutz L\u00f6sungen<\/h3>\n<p  class=\"large_text\" style=\"text-align: center;\">Wir von Shala Sonnenschutz sind auf das Montieren von Sonnenschutz L\u00f6sungen spezialisiert. Uns ist es hierbei am wichtigsten den Kunden eine ma\u00dfgeschneiderte Dienstleistung anzubieten. Nach einem unverbindlichem Angebot, beraten wir unsere Kundschaft und bem\u00fchen uns darum die beste L\u00f6sung zu finden. Wir freuen uns auf Ihre Anfrage!<\/p>\n\n<\/div>\n<div  class=\"content-right-image-imgcol\" data-type=\"column\"><img decoding=\"async\"  src=\"http:\/\/www.shala-sonnenschutz.at\/wp-content\/uploads\/2018\/07\/Shala-Sonnenschutz-Logo-Dunkel-1.jpg\" class=\"\"><\/div>\n<\/div>\n<\/div>\n<\/div>","protected":false},"excerpt":{"rendered":"<p>Gratis Kostenvoranschlag Holen Sie sich ganz einfach und bequem, einen Kostenvoranschlag! Es gen\u00fcgt ein Anruf oder das Ausf\u00fcllen unseres Formulars. Schnelle Montage Sie wissen was Sie wollen und der Preis passt. Lehnen Sie sich nun zur\u00fcck in innerhalb 6 Wochen ist unser Team mit der Montage fertig. Hohe Qualit\u00e4t Wir benutzen nur beste Materialien aus&hellip; <br \/> <a class=\"button small blue\" href=\"https:\/\/www.shala-sonnenschutz.at\/\">Weiterlesen<\/a><\/p>\n","protected":false},"author":2,"featured_media":0,"parent":0,"menu_order":0,"comment_status":"closed","ping_status":"closed","template":"page-templates\/homepage.php","meta":{"footnotes":""},"class_list":["post-77","page","type-page","status-publish","hentry"],"_links":{"self":[{"href":"https:\/\/www.shala-sonnenschutz.at\/index.php?rest_route=\/wp\/v2\/pages\/77","targetHints":{"allow":["GET"]}}],"collection":[{"href":"https:\/\/www.shala-sonnenschutz.at\/index.php?rest_route=\/wp\/v2\/pages"}],"about":[{"href":"https:\/\/www.shala-sonnenschutz.at\/index.php?rest_route=\/wp\/v2\/types\/page"}],"author":[{"embeddable":true,"href":"https:\/\/www.shala-sonnenschutz.at\/index.php?rest_route=\/wp\/v2\/users\/2"}],"replies":[{"embeddable":true,"href":"https:\/\/www.shala-sonnenschutz.at\/index.php?rest_route=%2Fwp%2Fv2%2Fcomments&post=77"}],"version-history":[{"count":35,"href":"https:\/\/www.shala-sonnenschutz.at\/index.php?rest_route=\/wp\/v2\/pages\/77\/revisions"}],"predecessor-version":[{"id":208,"href":"https:\/\/www.shala-sonnenschutz.at\/index.php?rest_route=\/wp\/v2\/pages\/77\/revisions\/208"}],"wp:attachment":[{"href":"https:\/\/www.shala-sonnenschutz.at\/index.php?rest_route=%2Fwp%2Fv2%2Fmedia&parent=77"}],"curies":[{"name":"wp","href":"https:\/\/api.w.org\/{rel}","templated":true}]}}